{"id":10,"date":"2014-08-27T09:39:24","date_gmt":"2014-08-27T09:39:24","guid":{"rendered":"http:\/\/www.elijahsinn.org\/de\/?page_id=10"},"modified":"2025-10-23T15:58:39","modified_gmt":"2025-10-23T13:58:39","slug":"uber-uns","status":"publish","type":"page","link":"https:\/\/www.elijahsinn.org\/de\/uber-uns\/","title":{"rendered":"\u00dcber uns"},"content":{"rendered":"<p style=\"text-align: justify;\"><img data-recalc-dims=\"1\" loading=\"lazy\" decoding=\"async\" data-attachment-id=\"191\" data-permalink=\"https:\/\/www.elijahsinn.org\/de\/uber-uns\/20160606_sfe_hornstra-5\/\" data-orig-file=\"https:\/\/i0.wp.com\/www.elijahsinn.org\/de\/wp-content\/uploads\/20160606_sfe_Hornstra-5.jpg?fit=2562%2C1708&amp;ssl=1\" data-orig-size=\"2562,1708\" data-comments-opened=\"0\" data-image-meta=\"{&quot;aperture&quot;:&quot;2.2&quot;,&quot;credit&quot;:&quot;Sarah Franziska Escher&quot;,&quot;camera&quot;:&quot;Canon EOS 6D&quot;,&quot;caption&quot;:&quot;&quot;,&quot;created_timestamp&quot;:&quot;1465244498&quot;,&quot;copyright&quot;:&quot;\\u00a9 Sarah Franziska Escher&quot;,&quot;focal_length&quot;:&quot;50&quot;,&quot;iso&quot;:&quot;400&quot;,&quot;shutter_speed&quot;:&quot;0.0005&quot;,&quot;title&quot;:&quot;&quot;,&quot;orientation&quot;:&quot;0&quot;}\" data-image-title=\"20160606_sfe_Hornstra-5\" data-image-description=\"\" data-image-caption=\"\" data-large-file=\"https:\/\/i0.wp.com\/www.elijahsinn.org\/de\/wp-content\/uploads\/20160606_sfe_Hornstra-5.jpg?fit=1024%2C683&amp;ssl=1\" class=\"aligncenter wp-image-191\" src=\"https:\/\/i0.wp.com\/www.elijahsinn.org\/de\/wp-content\/uploads\/20160606_sfe_Hornstra-5.jpg?resize=634%2C423&#038;ssl=1\" alt=\"20160606_sfe_Hornstra-5\" width=\"634\" height=\"423\" srcset=\"https:\/\/i0.wp.com\/www.elijahsinn.org\/de\/wp-content\/uploads\/20160606_sfe_Hornstra-5.jpg?resize=300%2C200&amp;ssl=1 300w, https:\/\/i0.wp.com\/www.elijahsinn.org\/de\/wp-content\/uploads\/20160606_sfe_Hornstra-5.jpg?resize=768%2C512&amp;ssl=1 768w, https:\/\/i0.wp.com\/www.elijahsinn.org\/de\/wp-content\/uploads\/20160606_sfe_Hornstra-5.jpg?resize=1024%2C683&amp;ssl=1 1024w, https:\/\/i0.wp.com\/www.elijahsinn.org\/de\/wp-content\/uploads\/20160606_sfe_Hornstra-5.jpg?w=2000&amp;ssl=1 2000w\" sizes=\"auto, (max-width: 634px) 100vw, 634px\" \/><\/p>\n<p style=\"text-align: justify;\">Wir sind Wilrens und Franziska. Wir arbeiteten viele Jahre in der Schule f\u00fcr Bibelstudium und in der Zentrumsleitung in Deutschland mit. Anschlie\u00dfend waren wir sechs Jahre mit dem Leadership Retreat Centre (LRC) in Alhaur\u00edn de la Torre in Spanien, einem Zweig von JMEM Europa, verbunden. In diesen Jahren entstand Elijah\u2019s Inn als Dienst f\u00fcr Mitarbeiterbetreuung. 2016 lie\u00dfen wir uns am Nordrand des Schwarzwalds nieder, um den Dienst hier fortzusetzen (im Rahmen von GoGlobal e.V., ein Dienst von JMEM Deutschland).<\/p>\n<p style=\"text-align: justify;\">Wir sind beide langj\u00e4hrige Mitarbeiter bei JMEM. Zusammen z\u00e4hlen wir mehr als 65 Jahre JMEM-Erfahrung. W\u00e4hrend dieser Zeit erlebten wir viel Gutes, aber durchstanden auch manche Krisen. Als wir aus Deutschland wegzogen, hatten wir eigentlich vor, selbst ein Debriefing in Anspruch zu nehmen. Bei der Suche stellten wir fest, wie wenige M\u00f6glichkeiten es dazu gibt. Diese Entdeckung ist mit ein Grund gewesen f\u00fcr Franziskas Entscheidung, Debriefing, Coaching und individuelle Retreats anzubieten. Wilrens ist nach wie vor involviert im Netzwerk f\u00fcr Bibelkurse innerhalb von JMEM Europa.<\/p>\n<p style=\"text-align: justify;\">Die Elijah\u2019s Inn Website informiert \u00fcber unsere Aktivit\u00e4ten in Mitarbeiterbetreuung und pers\u00f6nlichen Retreats. Sowohl Elijah\u2018s Inn wie auch das LRC, wo der Dienst begann, sind Orte der Gastfreundschaft und der Begegnung (inklusive gutes Essen), aber auch St\u00e4tten der Stille und des R\u00fcckzugs \u2013 damit Gott Raum hat zu reden. Die Mitarbeit in JMEM ist keine Voraussetzung, um uns zu besuchen.<\/p>\n<p style=\"text-align: justify;\">Franziska ist Schweizerin, geboren 1966. Abschl\u00fcsse: BA Counseling (University of the Nations); MTh Ethik und christliche F\u00fchrung (Universit\u00e4t von S\u00fcdafrika); weitere Ausbildungen in Coaching, Debriefing und geistlicher Begleitung.<\/p>\n<p style=\"text-align: justify;\">Wilrens ist Niederl\u00e4nder, geboren 1961. Abschl\u00fcsse: MS Biologie (Universit\u00e4t Utrecht); MA Christian Ministries (University of the Nations); PhD (Universit\u00e4t Wales &amp; Oxford Centre for Mission Studies). Pers\u00f6nliches Blog: <a href=\"http:\/\/www.wilrens.org\/de\">Create a Learning Site<\/a> (<a href=\"http:\/\/www.wilrens.org\/de\">www.wilrens.org\/de<\/a>).<\/p>\n<p style=\"text-align: justify;\">Falls du Kontakt mit uns aufnehmen m\u00f6chtest, kannst du dazu <a href=\"https:\/\/www.elijahsinn.org\/de\/kontakt\/\">diese Kontaktseite<\/a> verwenden. Du kannst auch mit uns in Kontakt bleiben, indem du dich \u00fcber das MailChimp-Formular rechts auf dieser Seite anmeldest.<\/p>\n<p style=\"text-align: justify;\">Schau dir unser <a href=\"https:\/\/www.elijahsinn.org\/de\/photos\/\">Fotoalbum<\/a> an oder lies <a href=\"https:\/\/www.elijahsinn.org\/de\/ei-grundsteine\/\">einige unserer Geschichten<\/a>.<\/p>\n<p style=\"text-align: justify;\"><strong>Wo wir wohnen<\/strong><\/p>\n<p style=\"text-align: justify;\">Unser Haus befindet sich in einem kleinen Dorf am Nordostrand des Schwarzwaldes, etwa 30 km s\u00fcdwestlich von Stuttgart. Wir sind etwa 10 km von der A 81 entfernt.<\/p>\n<p style=\"text-align: justify;\">F\u00fcr Bahnreisende gibt es eine S-Bahn-Station in G\u00e4rtringen und einen Bahnhof in Herrenberg und in Wildberg.<\/p>\n<p style=\"text-align: justify;\">Der n\u00e4chste Flughafen ist Stuttgart. Von dort gibt es eine bequeme S-Bahn-Verbindung nach G\u00e4rtringen (einmal umsteigen). Stuttgart ist allerdings kein gro\u00dfer Flughafen.<\/p>\n<p style=\"text-align: justify;\">Alternative Flugh\u00e4fen (in zunehmender Entfernung): Z\u00fcrich, Basel-Mulhouse, Frankfurt am Main, Memmingen und M\u00fcnchen. Von dort gibt es Bahn- und Busverbindungen nach G\u00e4rtringen und Herrenberg.<\/p>\n<p style=\"text-align: center;\"><img data-recalc-dims=\"1\" loading=\"lazy\" decoding=\"async\" data-attachment-id=\"192\" data-permalink=\"https:\/\/www.elijahsinn.org\/de\/uber-uns\/20160606_sfe_hornstra-21\/\" data-orig-file=\"https:\/\/i0.wp.com\/www.elijahsinn.org\/de\/wp-content\/uploads\/20160606_sfe_Hornstra-21.jpg?fit=1860%2C2790&amp;ssl=1\" data-orig-size=\"1860,2790\" data-comments-opened=\"0\" data-image-meta=\"{&quot;aperture&quot;:&quot;2.2&quot;,&quot;credit&quot;:&quot;Sarah Franziska Escher&quot;,&quot;camera&quot;:&quot;Canon EOS 6D&quot;,&quot;caption&quot;:&quot;&quot;,&quot;created_timestamp&quot;:&quot;1465246755&quot;,&quot;copyright&quot;:&quot;\\u00a9 Sarah Franziska Escher&quot;,&quot;focal_length&quot;:&quot;50&quot;,&quot;iso&quot;:&quot;640&quot;,&quot;shutter_speed&quot;:&quot;0.005&quot;,&quot;title&quot;:&quot;&quot;,&quot;orientation&quot;:&quot;0&quot;}\" data-image-title=\"20160606_sfe_Hornstra-21\" data-image-description=\"\" data-image-caption=\"\" data-large-file=\"https:\/\/i0.wp.com\/www.elijahsinn.org\/de\/wp-content\/uploads\/20160606_sfe_Hornstra-21.jpg?fit=683%2C1024&amp;ssl=1\" class=\"aligncenter wp-image-192\" src=\"https:\/\/i0.wp.com\/www.elijahsinn.org\/de\/wp-content\/uploads\/20160606_sfe_Hornstra-21.jpg?resize=423%2C634&#038;ssl=1\" alt=\"20160606_sfe_Hornstra-21\" width=\"423\" height=\"634\" srcset=\"https:\/\/i0.wp.com\/www.elijahsinn.org\/de\/wp-content\/uploads\/20160606_sfe_Hornstra-21.jpg?resize=200%2C300&amp;ssl=1 200w, https:\/\/i0.wp.com\/www.elijahsinn.org\/de\/wp-content\/uploads\/20160606_sfe_Hornstra-21.jpg?resize=768%2C1152&amp;ssl=1 768w, https:\/\/i0.wp.com\/www.elijahsinn.org\/de\/wp-content\/uploads\/20160606_sfe_Hornstra-21.jpg?resize=683%2C1024&amp;ssl=1 683w, https:\/\/i0.wp.com\/www.elijahsinn.org\/de\/wp-content\/uploads\/20160606_sfe_Hornstra-21.jpg?w=1860&amp;ssl=1 1860w\" sizes=\"auto, (max-width: 423px) 100vw, 423px\" \/><\/p>\n<p style=\"text-align: center;\"><img data-recalc-dims=\"1\" loading=\"lazy\" decoding=\"async\" data-attachment-id=\"247\" data-permalink=\"https:\/\/www.elijahsinn.org\/de\/uber-uns\/goglobal-logo-klein\/\" data-orig-file=\"https:\/\/i0.wp.com\/www.elijahsinn.org\/de\/wp-content\/uploads\/GoGlobal-logo-klein.png?fit=640%2C213&amp;ssl=1\" data-orig-size=\"640,213\" data-comments-opened=\"0\" data-image-meta=\"{&quot;aperture&quot;:&quot;0&quot;,&quot;credit&quot;:&quot;&quot;,&quot;camera&quot;:&quot;&quot;,&quot;caption&quot;:&quot;&quot;,&quot;created_timestamp&quot;:&quot;0&quot;,&quot;copyright&quot;:&quot;&quot;,&quot;focal_length&quot;:&quot;0&quot;,&quot;iso&quot;:&quot;0&quot;,&quot;shutter_speed&quot;:&quot;0&quot;,&quot;title&quot;:&quot;&quot;,&quot;orientation&quot;:&quot;0&quot;}\" data-image-title=\"GoGlobal logo (klein)\" data-image-description=\"\" data-image-caption=\"\" data-large-file=\"https:\/\/i0.wp.com\/www.elijahsinn.org\/de\/wp-content\/uploads\/GoGlobal-logo-klein.png?fit=640%2C213&amp;ssl=1\" class=\"aligncenter size-medium wp-image-247\" src=\"https:\/\/i0.wp.com\/www.elijahsinn.org\/de\/wp-content\/uploads\/GoGlobal-logo-klein.png?resize=300%2C100&#038;ssl=1\" alt=\"GoGlobal logo (klein)\" width=\"300\" height=\"100\" srcset=\"https:\/\/i0.wp.com\/www.elijahsinn.org\/de\/wp-content\/uploads\/GoGlobal-logo-klein.png?resize=300%2C100&amp;ssl=1 300w, https:\/\/i0.wp.com\/www.elijahsinn.org\/de\/wp-content\/uploads\/GoGlobal-logo-klein.png?resize=634%2C213&amp;ssl=1 634w, https:\/\/i0.wp.com\/www.elijahsinn.org\/de\/wp-content\/uploads\/GoGlobal-logo-klein.png?w=640&amp;ssl=1 640w\" sizes=\"auto, (max-width: 300px) 100vw, 300px\" \/><\/p>\n<p><span style=\"border-radius: 2px; text-indent: 20px; width: auto; padding: 0px 4px 0px 0px; text-align: center; font: bold 11px\/20px 'Helvetica Neue',Helvetica,sans-serif; color: #ffffff; background: #bd081c no-repeat scroll 3px 50% \/ 14px 14px; position: absolute; opacity: 1; z-index: 8675309; display: none; cursor: pointer; top: 60px; left: 163px;\">Merken<\/span><\/p>\n<p><span style=\"border-radius: 2px; text-indent: 20px; width: auto; padding: 0px 4px 0px 0px; text-align: center; font: bold 11px\/20px 'Helvetica Neue',Helvetica,sans-serif; color: #ffffff; background: #bd081c no-repeat scroll 3px 50% \/ 14px 14px; position: absolute; opacity: 1; z-index: 8675309; display: none; cursor: pointer; top: 1427px; left: 268px;\">Merken<\/span><\/p>\n<p><span style=\"border-radius: 2px; text-indent: 20px; width: auto; padding: 0px 4px 0px 0px; text-align: center; font: bold 11px\/20px 'Helvetica Neue',Helvetica,sans-serif; color: #ffffff; background: #bd081c no-repeat scroll 3px 50% \/ 14px 14px; position: absolute; opacity: 1; z-index: 8675309; display: none; cursor: pointer; top: 1427px; left: 268px;\">Merken<\/span><\/p>\n<p><span style=\"border-radius: 2px; text-indent: 20px; width: auto; padding: 0px 4px 0px 0px; text-align: center; font: bold 11px\/20px 'Helvetica Neue',Helvetica,sans-serif; color: #ffffff; background: #bd081c no-repeat scroll 3px 50% \/ 14px 14px; position: absolute; opacity: 1; z-index: 8675309; display: none; cursor: pointer; top: 1427px; left: 268px;\">Merken<\/span><\/p>\n<p><span style=\"border-radius: 2px; text-indent: 20px; width: auto; padding: 0px 4px 0px 0px; text-align: center; font: bold 11px\/20px 'Helvetica Neue',Helvetica,sans-serif; color: #ffffff; background: #bd081c no-repeat scroll 3px 50% \/ 14px 14px; position: absolute; opacity: 1; z-index: 8675309; display: none; cursor: pointer; top: 1363px; left: 274px;\">Merken<\/span><\/p>\n","protected":false},"excerpt":{"rendered":"<p>Wir sind Wilrens und Franziska. Wir arbeiteten viele Jahre in der Schule f\u00fcr Bibelstudium und in der Zentrumsleitung in Deutschland mit. Anschlie\u00dfend waren wir sechs Jahre mit dem Leadership Retreat Centre (LRC) in Alhaur\u00edn de la Torre in Spanien, einem Zweig von JMEM Europa, verbunden. In diesen Jahren entstand Elijah\u2019s Inn als Dienst f\u00fcr Mitarbeiterbetreuung. [&hellip;]<\/p>\n","protected":false},"author":1,"featured_media":0,"parent":0,"menu_order":0,"comment_status":"open","ping_status":"open","template":"","meta":{"_genesis_hide_title":false,"_genesis_hide_breadcrumbs":false,"_genesis_hide_singular_image":false,"_genesis_hide_footer_widgets":false,"_genesis_custom_body_class":"","_genesis_custom_post_class":"","_genesis_layout":"","footnotes":""},"class_list":{"0":"post-10","1":"page","2":"type-page","3":"status-publish","5":"entry","6":"has-post-thumbnail"},"jetpack_sharing_enabled":true,"_links":{"self":[{"href":"https:\/\/www.elijahsinn.org\/de\/wp-json\/wp\/v2\/pages\/10","targetHints":{"allow":["GET"]}}],"collection":[{"href":"https:\/\/www.elijahsinn.org\/de\/wp-json\/wp\/v2\/pages"}],"about":[{"href":"https:\/\/www.elijahsinn.org\/de\/wp-json\/wp\/v2\/types\/page"}],"author":[{"embeddable":true,"href":"https:\/\/www.elijahsinn.org\/de\/wp-json\/wp\/v2\/users\/1"}],"replies":[{"embeddable":true,"href":"https:\/\/www.elijahsinn.org\/de\/wp-json\/wp\/v2\/comments?post=10"}],"version-history":[{"count":20,"href":"https:\/\/www.elijahsinn.org\/de\/wp-json\/wp\/v2\/pages\/10\/revisions"}],"predecessor-version":[{"id":461,"href":"https:\/\/www.elijahsinn.org\/de\/wp-json\/wp\/v2\/pages\/10\/revisions\/461"}],"wp:attachment":[{"href":"https:\/\/www.elijahsinn.org\/de\/wp-json\/wp\/v2\/media?parent=10"}],"curies":[{"name":"wp","href":"https:\/\/api.w.org\/{rel}","templated":true}]}}