{"id":354,"date":"2022-09-09T13:43:31","date_gmt":"2022-09-09T11:43:31","guid":{"rendered":"https:\/\/www.elijahsinn.org\/de\/?page_id=354"},"modified":"2023-03-10T14:47:08","modified_gmt":"2023-03-10T13:47:08","slug":"spenden","status":"publish","type":"page","link":"https:\/\/www.elijahsinn.org\/de\/spenden\/","title":{"rendered":"Spenden"},"content":{"rendered":"\n<p>Falls du unseren Dienst mit einer Spende unterst\u00fctzen m\u00f6chtest, gibt es \u00fcber GoGlobal e.V. die M\u00f6glichkeit, daf\u00fcr eine deutsche Spendenbescheinigung zu erhalten:<\/p>\n\n\n\n<p>GoGlobal e.V.<\/p>\n\n\n\n<p>Bank: Volksbank Mittweida<\/p>\n\n\n\n<p>IBAN: DE64 8709 6124 0197 2027 18<\/p>\n\n\n\n<p>BIC: GENODEF1MIW<\/p>\n\n\n\n<p>Verwendungszweck: Projekt 1104 Hornstra (plus deine Adresse)<\/p>\n\n\n\n<p>Bitte beachte, dass Spendenbescheinigungen n\u00e4chstes Jahr verschickt werden. Zur Erf\u00fcllung unserer Anforderungen gem\u00e4\u00df der EU-DSGVO ben\u00f6tigen wir dazu deine Einwilligung zur Speicherung und Verarbeitung deiner Daten. Dazu musst du <a href=\"https:\/\/www.wilrens.org\/de\/wp-content\/uploads\/2019\/04\/GoGlobal-Einwilligung-Spender.pdf\" target=\"_blank\" rel=\"noreferrer noopener\">diese Einvernehmenserkl\u00e4rung<\/a> ausf\u00fcllen und mit Unterschrift an uns zur\u00fccksenden, es sei denn, du tr\u00e4gst deine Adresse nebst Projektnummer als Verwendungszweck ein.<\/p>\n\n\n\n<p>Weitere Optionen (u.a. f\u00fcr die USA) werden in diesem Dokument aufgelistet: <a href=\"https:\/\/www.wilrens.org\/wp-content\/uploads\/2019\/09\/Donations-Create-a-Learning-Site.pdf\" target=\"_blank\" rel=\"noreferrer noopener\">Donations<\/a> (in englischer Sprache).<\/p>\n","protected":false},"excerpt":{"rendered":"<p>Falls du unseren Dienst mit einer Spende unterst\u00fctzen m\u00f6chtest, gibt es \u00fcber GoGlobal e.V. die M\u00f6glichkeit, daf\u00fcr eine deutsche Spendenbescheinigung zu erhalten: GoGlobal e.V. Bank: Volksbank Mittweida IBAN: DE64 8709 6124 0197 2027 18 BIC: GENODEF1MIW Verwendungszweck: Projekt 1104 Hornstra (plus deine Adresse) Bitte beachte, dass Spendenbescheinigungen n\u00e4chstes Jahr verschickt werden. Zur Erf\u00fcllung unserer Anforderungen [&hellip;]<\/p>\n","protected":false},"author":1,"featured_media":0,"parent":0,"menu_order":0,"comment_status":"closed","ping_status":"closed","template":"","meta":{"_genesis_hide_title":false,"_genesis_hide_breadcrumbs":false,"_genesis_hide_singular_image":false,"_genesis_hide_footer_widgets":false,"_genesis_custom_body_class":"","_genesis_custom_post_class":"","_genesis_layout":"","footnotes":""},"class_list":{"0":"post-354","1":"page","2":"type-page","3":"status-publish","5":"entry"},"jetpack_sharing_enabled":true,"_links":{"self":[{"href":"https:\/\/www.elijahsinn.org\/de\/wp-json\/wp\/v2\/pages\/354","targetHints":{"allow":["GET"]}}],"collection":[{"href":"https:\/\/www.elijahsinn.org\/de\/wp-json\/wp\/v2\/pages"}],"about":[{"href":"https:\/\/www.elijahsinn.org\/de\/wp-json\/wp\/v2\/types\/page"}],"author":[{"embeddable":true,"href":"https:\/\/www.elijahsinn.org\/de\/wp-json\/wp\/v2\/users\/1"}],"replies":[{"embeddable":true,"href":"https:\/\/www.elijahsinn.org\/de\/wp-json\/wp\/v2\/comments?post=354"}],"version-history":[{"count":4,"href":"https:\/\/www.elijahsinn.org\/de\/wp-json\/wp\/v2\/pages\/354\/revisions"}],"predecessor-version":[{"id":367,"href":"https:\/\/www.elijahsinn.org\/de\/wp-json\/wp\/v2\/pages\/354\/revisions\/367"}],"wp:attachment":[{"href":"https:\/\/www.elijahsinn.org\/de\/wp-json\/wp\/v2\/media?parent=354"}],"curies":[{"name":"wp","href":"https:\/\/api.w.org\/{rel}","templated":true}]}}