{"id":74,"date":"2014-08-27T12:30:31","date_gmt":"2014-08-27T10:30:31","guid":{"rendered":"http:\/\/www.elijahsinn.org\/de\/?page_id=74"},"modified":"2025-10-29T12:02:24","modified_gmt":"2025-10-29T11:02:24","slug":"kalender","status":"publish","type":"page","link":"https:\/\/www.elijahsinn.org\/de\/kalender\/","title":{"rendered":"Kalender"},"content":{"rendered":"<p><strong>&#8222;Week avaliable for debriefing or personal retreat&#8220;<\/strong> markiert Zeitr\u00e4ume, die f\u00fcr individuelle Retreats und Debriefing zur Verf\u00fcgung stehen.<\/p>\n<p><strong>&#8222;Available for self-catering retreat only (NO debriefing)&#8220;<\/strong> markiert Wochen, in denen kein Debriefing m\u00f6glich ist: nur Retreat mit Selbsversorgung. Ein solches Retreat beginnt am Sonntag oder Montag (oder nach Absprache).\u00a0<iframe loading=\"lazy\" style=\"border-width: 0;\" src=\"https:\/\/www.google.com\/calendar\/embed?height=600&amp;wkst=1&amp;bgcolor=%23FFFFFF&amp;src=odoqq234338nk7ens05i1ulttc%40group.calendar.google.com&amp;color=%232F6309&amp;ctz=Europe%2FMadrid\" width=\"800\" height=\"600\" frameborder=\"0\" scrolling=\"no\"><\/iframe><\/p>\n\n\n<p><\/p>\n","protected":false},"excerpt":{"rendered":"<p>&#8222;Week avaliable for debriefing or personal retreat&#8220; markiert Zeitr\u00e4ume, die f\u00fcr individuelle Retreats und Debriefing zur Verf\u00fcgung stehen. &#8222;Available for self-catering retreat only (NO debriefing)&#8220; markiert Wochen, in denen kein Debriefing m\u00f6glich ist: nur Retreat mit Selbsversorgung. Ein solches Retreat beginnt am Sonntag oder Montag (oder nach Absprache).\u00a0<\/p>\n","protected":false},"author":1,"featured_media":0,"parent":0,"menu_order":0,"comment_status":"closed","ping_status":"open","template":"","meta":{"_genesis_hide_title":false,"_genesis_hide_breadcrumbs":false,"_genesis_hide_singular_image":false,"_genesis_hide_footer_widgets":false,"_genesis_custom_body_class":"","_genesis_custom_post_class":"","_genesis_layout":"","footnotes":""},"class_list":{"0":"post-74","1":"page","2":"type-page","3":"status-publish","5":"entry"},"jetpack_sharing_enabled":true,"_links":{"self":[{"href":"https:\/\/www.elijahsinn.org\/de\/wp-json\/wp\/v2\/pages\/74","targetHints":{"allow":["GET"]}}],"collection":[{"href":"https:\/\/www.elijahsinn.org\/de\/wp-json\/wp\/v2\/pages"}],"about":[{"href":"https:\/\/www.elijahsinn.org\/de\/wp-json\/wp\/v2\/types\/page"}],"author":[{"embeddable":true,"href":"https:\/\/www.elijahsinn.org\/de\/wp-json\/wp\/v2\/users\/1"}],"replies":[{"embeddable":true,"href":"https:\/\/www.elijahsinn.org\/de\/wp-json\/wp\/v2\/comments?post=74"}],"version-history":[{"count":10,"href":"https:\/\/www.elijahsinn.org\/de\/wp-json\/wp\/v2\/pages\/74\/revisions"}],"predecessor-version":[{"id":489,"href":"https:\/\/www.elijahsinn.org\/de\/wp-json\/wp\/v2\/pages\/74\/revisions\/489"}],"wp:attachment":[{"href":"https:\/\/www.elijahsinn.org\/de\/wp-json\/wp\/v2\/media?parent=74"}],"curies":[{"name":"wp","href":"https:\/\/api.w.org\/{rel}","templated":true}]}}