{"id":84,"date":"2014-08-27T15:50:25","date_gmt":"2014-08-27T13:50:25","guid":{"rendered":"http:\/\/www.elijahsinn.org\/de\/?page_id=84"},"modified":"2026-01-14T19:47:58","modified_gmt":"2026-01-14T18:47:58","slug":"kontakt","status":"publish","type":"page","link":"https:\/\/www.elijahsinn.org\/de\/kontakt\/","title":{"rendered":"Kontakt"},"content":{"rendered":"<h3>Sende Deine (An-)Frage als E-Mail an: <a href=\"mailto:franziska@elijahsinn.org\">franziska@elijahsinn.org<\/a>.<\/h3>\n\n\n<p>Es stehen zwei Optionen zur Auswahl. Bitte lass uns bei deiner Anfrage wissen, f\u00fcr welche der zwei M\u00f6glichkeiten du dich interessierst, Option 1 (Debriefing), Option 2 (pers\u00f6nliches Retreat ohne Debriefing), oder beide (falls du noch unentschieden bist).<\/p>\n\n\n\n<p><\/p>\n","protected":false},"excerpt":{"rendered":"<p>Sende Deine (An-)Frage als E-Mail an: franziska@elijahsinn.org. Es stehen zwei Optionen zur Auswahl. Bitte lass uns bei deiner Anfrage wissen, f\u00fcr welche der zwei M\u00f6glichkeiten du dich interessierst, Option 1 (Debriefing), Option 2 (pers\u00f6nliches Retreat ohne Debriefing), oder beide (falls du noch unentschieden bist).<\/p>\n","protected":false},"author":1,"featured_media":0,"parent":0,"menu_order":0,"comment_status":"closed","ping_status":"open","template":"","meta":{"_genesis_hide_title":false,"_genesis_hide_breadcrumbs":false,"_genesis_hide_singular_image":false,"_genesis_hide_footer_widgets":false,"_genesis_custom_body_class":"","_genesis_custom_post_class":"","_genesis_layout":"","footnotes":""},"class_list":{"0":"post-84","1":"page","2":"type-page","3":"status-publish","5":"entry"},"jetpack_sharing_enabled":true,"_links":{"self":[{"href":"https:\/\/www.elijahsinn.org\/de\/wp-json\/wp\/v2\/pages\/84","targetHints":{"allow":["GET"]}}],"collection":[{"href":"https:\/\/www.elijahsinn.org\/de\/wp-json\/wp\/v2\/pages"}],"about":[{"href":"https:\/\/www.elijahsinn.org\/de\/wp-json\/wp\/v2\/types\/page"}],"author":[{"embeddable":true,"href":"https:\/\/www.elijahsinn.org\/de\/wp-json\/wp\/v2\/users\/1"}],"replies":[{"embeddable":true,"href":"https:\/\/www.elijahsinn.org\/de\/wp-json\/wp\/v2\/comments?post=84"}],"version-history":[{"count":13,"href":"https:\/\/www.elijahsinn.org\/de\/wp-json\/wp\/v2\/pages\/84\/revisions"}],"predecessor-version":[{"id":508,"href":"https:\/\/www.elijahsinn.org\/de\/wp-json\/wp\/v2\/pages\/84\/revisions\/508"}],"wp:attachment":[{"href":"https:\/\/www.elijahsinn.org\/de\/wp-json\/wp\/v2\/media?parent=84"}],"curies":[{"name":"wp","href":"https:\/\/api.w.org\/{rel}","templated":true}]}}